{"id":1621,"date":"2024-03-08T14:15:54","date_gmt":"2024-03-08T14:15:54","guid":{"rendered":"https:\/\/ronanmartindesign.com\/produit\/ueber-den-wolken\/"},"modified":"2024-09-26T08:47:46","modified_gmt":"2024-09-26T08:47:46","slug":"ueber-den-wolken","status":"publish","type":"product","link":"https:\/\/ronanmartindesign.com\/de\/produit\/ueber-den-wolken\/","title":{"rendered":"\u00dcber den Wolken"},"content":{"rendered":"<p>NICHT VERF\u00dcGBAR &#8211; Abstrakte Zusammensetzung aus reinen Pigmenten und Harz. Sehr hochgl\u00e4nzende Glasur. Leinwand auf einen Holzrahmen gespannt. Abmessungen 150 X 150 CM X 4 CM dick. Kostenlose nationale und internationale Lieferung in der ART BASEL MIAMI Box  <span class=\"Apple-converted-space\">  <\/span>ART BASEL<span class=\"Apple-converted-space\">    <\/span>FIAC  <span class=\"Apple-converted-space\">    <\/span>KUNSTMESSE TOKIO  <span class=\"Apple-converted-space\">    <\/span>TEFAF MAASTRICHT  <span class=\"Apple-converted-space\">    <\/span>URVANITY ART MADRID  <span class=\"Apple-converted-space\">  <\/span>JUSTMAD<span class=\"Apple-converted-space\">    <\/span>SAMMLERST\u00dcCK DESIGN BR\u00dcSSEL  <span class=\"Apple-converted-space\">   <\/span>  SPARK ART FAIR WIEN  <span class=\"Apple-converted-space\">    <\/span>ERSCHWINGLICHE KUNSTMESSE NEW YORK  <span class=\"Apple-converted-space\">    <\/span>PALM BEACH MODERNES, MODERNES WEST PALM BEACH  <span class=\"Apple-converted-space\">    <\/span>ART PARIS  <span class=\"Apple-converted-space\">      <\/span>ARTEXPO NY<span class=\"Apple-converted-space\">      <\/span>ART D\u00dcSSELDORF MIART MILANO<span class=\"Apple-converted-space\">      <\/span>LUXEMBURGER KUNSTMESSE  <span class=\"Apple-converted-space\">      <\/span>WELTKUNST DUBAI  <span class=\"Apple-converted-space\">     <\/span>  ERSCHWINGLICHE KUNSTMESSE HONGKONG  <span class=\"Apple-converted-space\">    <\/span>ART3F MONACO<span class=\"Apple-converted-space\">      <\/span>SYDNEY ZEITGEN\u00d6SSISCH<span class=\"Apple-converted-space\"> <\/span><\/p>\n<p>&nbsp;<\/p>\n","protected":false},"excerpt":{"rendered":"<p>Beschw\u00f6rung von Sternentr\u00e4umen und Tr\u00e4umen<\/p>\n","protected":false},"featured_media":617,"template":"","meta":[],"product_cat":[34],"product_tag":[],"class_list":{"0":"post-1621","1":"product","2":"type-product","3":"status-publish","4":"has-post-thumbnail","6":"product_cat-non-classe-de","8":"first","9":"instock","10":"shipping-taxable","11":"purchasable","12":"product-type-simple"},"_links":{"self":[{"href":"https:\/\/ronanmartindesign.com\/de\/wp-json\/wp\/v2\/product\/1621","targetHints":{"allow":["GET"]}}],"collection":[{"href":"https:\/\/ronanmartindesign.com\/de\/wp-json\/wp\/v2\/product"}],"about":[{"href":"https:\/\/ronanmartindesign.com\/de\/wp-json\/wp\/v2\/types\/product"}],"version-history":[{"count":1,"href":"https:\/\/ronanmartindesign.com\/de\/wp-json\/wp\/v2\/product\/1621\/revisions"}],"predecessor-version":[{"id":1901,"href":"https:\/\/ronanmartindesign.com\/de\/wp-json\/wp\/v2\/product\/1621\/revisions\/1901"}],"wp:featuredmedia":[{"embeddable":true,"href":"https:\/\/ronanmartindesign.com\/de\/wp-json\/wp\/v2\/media\/617"}],"wp:attachment":[{"href":"https:\/\/ronanmartindesign.com\/de\/wp-json\/wp\/v2\/media?parent=1621"}],"wp:term":[{"taxonomy":"product_cat","embeddable":true,"href":"https:\/\/ronanmartindesign.com\/de\/wp-json\/wp\/v2\/product_cat?post=1621"},{"taxonomy":"product_tag","embeddable":true,"href":"https:\/\/ronanmartindesign.com\/de\/wp-json\/wp\/v2\/product_tag?post=1621"}],"curies":[{"name":"wp","href":"https:\/\/api.w.org\/{rel}","templated":true}]}}