{"id":1622,"date":"2024-03-08T14:06:02","date_gmt":"2024-03-08T14:06:02","guid":{"rendered":"https:\/\/ronanmartindesign.com\/produit\/gesaenge-der-wale-im-nordpazifik\/"},"modified":"2024-09-26T08:45:53","modified_gmt":"2024-09-26T08:45:53","slug":"gesaenge-der-wale-im-nordpazifik","status":"publish","type":"product","link":"https:\/\/ronanmartindesign.com\/de\/produit\/gesaenge-der-wale-im-nordpazifik\/","title":{"rendered":"Ges\u00e4nge der Wale im Nordpazifik"},"content":{"rendered":"<p>NICHT VERF\u00dcGBAR &#8211; Abstrakte Zusammensetzung aus reinen Pigmenten und Harz. Sehr hochgl\u00e4nzende Glasur. Leinwand auf einen Holzrahmen gespannt. Abmessungen 150 X 150 CM X 4 CM dick. Kostenloser nationaler und internationaler Versand im Karton. ART BASEL MIAMI  <span class=\"Apple-converted-space\">  <\/span>ART BASEL<span class=\"Apple-converted-space\">    <\/span>FIAC  <span class=\"Apple-converted-space\">    <\/span>KUNSTMESSE TOKIO  <span class=\"Apple-converted-space\">    <\/span>TEFAF MAASTRICHT  <span class=\"Apple-converted-space\">    <\/span>URVANITY ART MADRID  <span class=\"Apple-converted-space\">  <\/span>JUSTMAD<span class=\"Apple-converted-space\">    <\/span>SAMMLERST\u00dcCK DESIGN BR\u00dcSSEL  <span class=\"Apple-converted-space\">   <\/span>  SPARK ART FAIR WIEN  <span class=\"Apple-converted-space\">    <\/span>ERSCHWINGLICHE KUNSTMESSE NEW YORK  <span class=\"Apple-converted-space\">    <\/span>PALM BEACH MODERNES, MODERNES WEST PALM BEACH  <span class=\"Apple-converted-space\">    <\/span>ART PARIS  <span class=\"Apple-converted-space\">      <\/span>ARTEXPO NY  <span class=\"Apple-converted-space\">      <\/span>ART D\u00dcSSELDORF MIART MILANO<span class=\"Apple-converted-space\">      <\/span>LUXEMBURGER KUNSTMESSE  <span class=\"Apple-converted-space\">      <\/span>WELTKUNST DUBAI  <span class=\"Apple-converted-space\">     <\/span>ERSCHWINGLICHE KUNSTMESSE HONGKONG  <span class=\"Apple-converted-space\">    <\/span>ART3F MONACO<span class=\"Apple-converted-space\">      <\/span>  SYDNEY ZEITGEN\u00d6SSISCH<span class=\"Apple-converted-space\"> <\/span><\/p>\n<p>&nbsp;<\/p>\n","protected":false},"excerpt":{"rendered":"<p>Ein unendliches Kobaltblau&#8230; sich darin zu verlieren!<\/p>\n","protected":false},"featured_media":596,"template":"","meta":[],"product_cat":[34],"product_tag":[],"class_list":{"0":"post-1622","1":"product","2":"type-product","3":"status-publish","4":"has-post-thumbnail","6":"product_cat-non-classe-de","8":"first","9":"instock","10":"shipping-taxable","11":"purchasable","12":"product-type-simple"},"_links":{"self":[{"href":"https:\/\/ronanmartindesign.com\/de\/wp-json\/wp\/v2\/product\/1622","targetHints":{"allow":["GET"]}}],"collection":[{"href":"https:\/\/ronanmartindesign.com\/de\/wp-json\/wp\/v2\/product"}],"about":[{"href":"https:\/\/ronanmartindesign.com\/de\/wp-json\/wp\/v2\/types\/product"}],"version-history":[{"count":1,"href":"https:\/\/ronanmartindesign.com\/de\/wp-json\/wp\/v2\/product\/1622\/revisions"}],"predecessor-version":[{"id":1897,"href":"https:\/\/ronanmartindesign.com\/de\/wp-json\/wp\/v2\/product\/1622\/revisions\/1897"}],"wp:featuredmedia":[{"embeddable":true,"href":"https:\/\/ronanmartindesign.com\/de\/wp-json\/wp\/v2\/media\/596"}],"wp:attachment":[{"href":"https:\/\/ronanmartindesign.com\/de\/wp-json\/wp\/v2\/media?parent=1622"}],"wp:term":[{"taxonomy":"product_cat","embeddable":true,"href":"https:\/\/ronanmartindesign.com\/de\/wp-json\/wp\/v2\/product_cat?post=1622"},{"taxonomy":"product_tag","embeddable":true,"href":"https:\/\/ronanmartindesign.com\/de\/wp-json\/wp\/v2\/product_tag?post=1622"}],"curies":[{"name":"wp","href":"https:\/\/api.w.org\/{rel}","templated":true}]}}