{"id":2372,"date":"2025-11-06T12:42:49","date_gmt":"2025-11-06T12:42:49","guid":{"rendered":"https:\/\/ronanmartindesign.com\/produit\/eine-nacht-im-wald\/"},"modified":"2026-01-16T14:10:00","modified_gmt":"2026-01-16T14:10:00","slug":"eine-nacht-im-wald","status":"publish","type":"product","link":"https:\/\/ronanmartindesign.com\/de\/produit\/eine-nacht-im-wald\/","title":{"rendered":"Eine Nacht im Wald"},"content":{"rendered":"<p>Dieses Kunstwerk ist nicht mehr verf\u00fcgbar<\/p>\n<p>Abstrakte Zusammensetzung aus reinen Pigmenten und Harz. Sehr hochgl\u00e4nzende Glasur.<\/p>\n<p>Leinwand auf einen Holzrahmen gespannt.<\/p>\n<p>Ma\u00dfe 80 x 200 cm x 3 cm dick. Triptychon<\/p>\n<p>Kostenlose Lieferung im In- und Ausland an der Kasse<\/p>\n","protected":false},"excerpt":{"rendered":"<p>Dieses Kunstwerk ist nicht mehr verf\u00fcgbar Abstrakte Zusammensetzung aus reinen Pigmenten und Harz. Sehr hochgl\u00e4nzende Glasur. Leinwand auf einen Holzrahmen gespannt. Ma\u00dfe 80 x 200 cm x 3 cm dick. Triptychon Kostenlose Lieferung im In- und Ausland an der Kasse<\/p>\n","protected":false},"featured_media":2347,"template":"","meta":[],"product_cat":[34],"product_tag":[],"class_list":{"0":"post-2372","1":"product","2":"type-product","3":"status-publish","4":"has-post-thumbnail","6":"product_cat-non-classe-de","8":"first","9":"instock","10":"shipping-taxable","11":"purchasable","12":"product-type-simple"},"_links":{"self":[{"href":"https:\/\/ronanmartindesign.com\/de\/wp-json\/wp\/v2\/product\/2372","targetHints":{"allow":["GET"]}}],"collection":[{"href":"https:\/\/ronanmartindesign.com\/de\/wp-json\/wp\/v2\/product"}],"about":[{"href":"https:\/\/ronanmartindesign.com\/de\/wp-json\/wp\/v2\/types\/product"}],"version-history":[{"count":2,"href":"https:\/\/ronanmartindesign.com\/de\/wp-json\/wp\/v2\/product\/2372\/revisions"}],"predecessor-version":[{"id":2549,"href":"https:\/\/ronanmartindesign.com\/de\/wp-json\/wp\/v2\/product\/2372\/revisions\/2549"}],"wp:featuredmedia":[{"embeddable":true,"href":"https:\/\/ronanmartindesign.com\/de\/wp-json\/wp\/v2\/media\/2347"}],"wp:attachment":[{"href":"https:\/\/ronanmartindesign.com\/de\/wp-json\/wp\/v2\/media?parent=2372"}],"wp:term":[{"taxonomy":"product_cat","embeddable":true,"href":"https:\/\/ronanmartindesign.com\/de\/wp-json\/wp\/v2\/product_cat?post=2372"},{"taxonomy":"product_tag","embeddable":true,"href":"https:\/\/ronanmartindesign.com\/de\/wp-json\/wp\/v2\/product_tag?post=2372"}],"curies":[{"name":"wp","href":"https:\/\/api.w.org\/{rel}","templated":true}]}}