{"id":2457,"date":"2025-11-06T16:13:50","date_gmt":"2025-11-06T16:13:50","guid":{"rendered":"https:\/\/ronanmartindesign.com\/produit\/ultramarin\/"},"modified":"2026-01-16T14:08:53","modified_gmt":"2026-01-16T14:08:53","slug":"ultramarin","status":"publish","type":"product","link":"https:\/\/ronanmartindesign.com\/de\/produit\/ultramarin\/","title":{"rendered":"Ultramarin"},"content":{"rendered":"<p>Dieses Kunstwerk ist nicht mehr verf\u00fcgbar<\/p>\n<p>Abstrakte Zusammensetzung aus reinen Pigmenten und Harz. Sehr hochgl\u00e4nzende Glasur.<\/p>\n<p>Leinwand auf einen Holzrahmen gespannt.<\/p>\n<p>Ma\u00dfe 80 x 200 cm x 4 cm dick. Triptychon<\/p>\n<p>Kostenlose Lieferung im In- und Ausland an der Kasse<\/p>\n","protected":false},"excerpt":{"rendered":"<p>Dieses Kunstwerk ist nicht mehr verf\u00fcgbar Abstrakte Zusammensetzung aus reinen Pigmenten und Harz. Sehr hochgl\u00e4nzende Glasur. Leinwand auf einen Holzrahmen gespannt. Ma\u00dfe 80 x 200 cm x 4 cm dick. Triptychon Kostenlose Lieferung im In- und Ausland an der Kasse<\/p>\n","protected":false},"featured_media":2433,"template":"","meta":[],"product_cat":[34],"product_tag":[],"class_list":{"0":"post-2457","1":"product","2":"type-product","3":"status-publish","4":"has-post-thumbnail","6":"product_cat-non-classe-de","8":"first","9":"instock","10":"sale","11":"shipping-taxable","12":"purchasable","13":"product-type-simple"},"_links":{"self":[{"href":"https:\/\/ronanmartindesign.com\/de\/wp-json\/wp\/v2\/product\/2457","targetHints":{"allow":["GET"]}}],"collection":[{"href":"https:\/\/ronanmartindesign.com\/de\/wp-json\/wp\/v2\/product"}],"about":[{"href":"https:\/\/ronanmartindesign.com\/de\/wp-json\/wp\/v2\/types\/product"}],"version-history":[{"count":2,"href":"https:\/\/ronanmartindesign.com\/de\/wp-json\/wp\/v2\/product\/2457\/revisions"}],"predecessor-version":[{"id":2540,"href":"https:\/\/ronanmartindesign.com\/de\/wp-json\/wp\/v2\/product\/2457\/revisions\/2540"}],"wp:featuredmedia":[{"embeddable":true,"href":"https:\/\/ronanmartindesign.com\/de\/wp-json\/wp\/v2\/media\/2433"}],"wp:attachment":[{"href":"https:\/\/ronanmartindesign.com\/de\/wp-json\/wp\/v2\/media?parent=2457"}],"wp:term":[{"taxonomy":"product_cat","embeddable":true,"href":"https:\/\/ronanmartindesign.com\/de\/wp-json\/wp\/v2\/product_cat?post=2457"},{"taxonomy":"product_tag","embeddable":true,"href":"https:\/\/ronanmartindesign.com\/de\/wp-json\/wp\/v2\/product_tag?post=2457"}],"curies":[{"name":"wp","href":"https:\/\/api.w.org\/{rel}","templated":true}]}}