{"id":2585,"date":"2026-01-16T14:14:51","date_gmt":"2026-01-16T14:14:51","guid":{"rendered":"https:\/\/ronanmartindesign.com\/produit\/nacht-im-wildgras\/"},"modified":"2026-01-16T14:15:02","modified_gmt":"2026-01-16T14:15:02","slug":"nacht-im-wildgras","status":"publish","type":"product","link":"https:\/\/ronanmartindesign.com\/de\/produit\/nacht-im-wildgras\/","title":{"rendered":"Nacht im Wildgras"},"content":{"rendered":"<p>Dieses Kunstwerk ist nicht mehr verf\u00fcgbar<\/p>\n<p>Abstrakte Zusammensetzung aus reinen Pigmenten und Harz. Sehr hochgl\u00e4nzende Glasur.<\/p>\n<p>Leinw\u00e4nde spannten sich auf drei Holzrahmen.<\/p>\n<p>Abmessungen 120 x 80 cm x 4 cm dick. Triptychon<\/p>\n<p>Kostenlose Lieferung im In- und Ausland an der Kasse<\/p>\n","protected":false},"excerpt":{"rendered":"<p>Dieses Kunstwerk ist nicht mehr verf\u00fcgbar Abstrakte Zusammensetzung aus reinen Pigmenten und Harz. Sehr hochgl\u00e4nzende Glasur. Leinw\u00e4nde spannten sich auf drei Holzrahmen. Abmessungen 120 x 80 cm x 4 cm dick. Triptychon Kostenlose Lieferung im In- und Ausland an der Kasse<\/p>\n","protected":false},"featured_media":2554,"template":"","meta":[],"product_cat":[34],"product_tag":[],"class_list":{"0":"post-2585","1":"product","2":"type-product","3":"status-publish","4":"has-post-thumbnail","6":"product_cat-non-classe-de","8":"first","9":"instock","10":"shipping-taxable","11":"purchasable","12":"product-type-simple"},"_links":{"self":[{"href":"https:\/\/ronanmartindesign.com\/de\/wp-json\/wp\/v2\/product\/2585","targetHints":{"allow":["GET"]}}],"collection":[{"href":"https:\/\/ronanmartindesign.com\/de\/wp-json\/wp\/v2\/product"}],"about":[{"href":"https:\/\/ronanmartindesign.com\/de\/wp-json\/wp\/v2\/types\/product"}],"version-history":[{"count":1,"href":"https:\/\/ronanmartindesign.com\/de\/wp-json\/wp\/v2\/product\/2585\/revisions"}],"predecessor-version":[{"id":2586,"href":"https:\/\/ronanmartindesign.com\/de\/wp-json\/wp\/v2\/product\/2585\/revisions\/2586"}],"wp:featuredmedia":[{"embeddable":true,"href":"https:\/\/ronanmartindesign.com\/de\/wp-json\/wp\/v2\/media\/2554"}],"wp:attachment":[{"href":"https:\/\/ronanmartindesign.com\/de\/wp-json\/wp\/v2\/media?parent=2585"}],"wp:term":[{"taxonomy":"product_cat","embeddable":true,"href":"https:\/\/ronanmartindesign.com\/de\/wp-json\/wp\/v2\/product_cat?post=2585"},{"taxonomy":"product_tag","embeddable":true,"href":"https:\/\/ronanmartindesign.com\/de\/wp-json\/wp\/v2\/product_tag?post=2585"}],"curies":[{"name":"wp","href":"https:\/\/api.w.org\/{rel}","templated":true}]}}